{"id":11,"date":"2024-06-20T21:32:41","date_gmt":"2024-06-20T21:32:41","guid":{"rendered":"https:\/\/www.startbusiness.be\/cart\/"},"modified":"2025-06-03T20:18:50","modified_gmt":"2025-06-03T20:18:50","slug":"cart","status":"publish","type":"page","link":"https:\/\/www.startbusiness.be\/en\/cart\/","title":{"rendered":"R\u00e9sum\u00e9 de votre s\u00e9lection"},"content":{"rendered":"<div data-block-name=\"woocommerce\/cart\" class=\"wp-block-woocommerce-cart alignwide is-loading\"><div data-block-name=\"woocommerce\/filled-cart-block\" class=\"wp-block-woocommerce-filled-cart-block\"><div data-block-name=\"woocommerce\/cart-items-block\" class=\"wp-block-woocommerce-cart-items-block\"><div data-block-name=\"woocommerce\/cart-line-items-block\" class=\"wp-block-woocommerce-cart-line-items-block\"><\/div>\n\n<div data-block-name=\"woocommerce\/cart-cross-sells-block\" class=\"wp-block-woocommerce-cart-cross-sells-block\"><h2 class=\"wp-block-heading has-large-font-size\">Suggestions pour vous..<\/h2>\n\n<div data-block-name=\"woocommerce\/cart-cross-sells-products-block\" class=\"wp-block-woocommerce-cart-cross-sells-products-block\"><\/div><\/div><\/div>\n\n<div data-block-name=\"woocommerce\/cart-totals-block\" class=\"wp-block-woocommerce-cart-totals-block\"><div data-block-name=\"woocommerce\/cart-order-summary-block\" class=\"wp-block-woocommerce-cart-order-summary-block\"><div data-block-name=\"woocommerce\/cart-order-summary-heading-block\" data-content=\"Total panier\" class=\"wp-block-woocommerce-cart-order-summary-heading-block\"><\/div>\n\n<div data-block-name=\"woocommerce\/cart-order-summary-coupon-form-block\" class=\"wp-block-woocommerce-cart-order-summary-coupon-form-block\"><\/div>\n\n<div data-block-name=\"woocommerce\/cart-order-summary-totals-block\" class=\"wp-block-woocommerce-cart-order-summary-totals-block\"><div data-block-name=\"woocommerce\/cart-order-summary-subtotal-block\" class=\"wp-block-woocommerce-cart-order-summary-subtotal-block\"><\/div>\n\n<div data-block-name=\"woocommerce\/cart-order-summary-fee-block\" class=\"wp-block-woocommerce-cart-order-summary-fee-block\"><\/div>\n\n<div data-block-name=\"woocommerce\/cart-order-summary-discount-block\" class=\"wp-block-woocommerce-cart-order-summary-discount-block\"><\/div>\n\n<div data-block-name=\"woocommerce\/cart-order-summary-shipping-block\" class=\"wp-block-woocommerce-cart-order-summary-shipping-block\"><\/div>\n\n<div data-block-name=\"woocommerce\/cart-order-summary-taxes-block\" class=\"wp-block-woocommerce-cart-order-summary-taxes-block\"><\/div><\/div><\/div>\n\n<div data-block-name=\"woocommerce\/cart-express-payment-block\" class=\"wp-block-woocommerce-cart-express-payment-block\"><\/div>\n\n<div data-block-name=\"woocommerce\/proceed-to-checkout-block\" class=\"wp-block-woocommerce-proceed-to-checkout-block\"><\/div>\n\n<div data-block-name=\"woocommerce\/cart-accepted-payment-methods-block\" class=\"wp-block-woocommerce-cart-accepted-payment-methods-block\"><\/div><\/div><\/div>\n\n<div data-block-name=\"woocommerce\/empty-cart-block\" class=\"wp-block-woocommerce-empty-cart-block\"><h2 class=\"wp-block-heading has-text-align-center with-empty-cart-icon wc-block-cart__empty-cart__title\">Your cart is currently empty!<\/h2>\n\n<hr class=\"wp-block-separator has-alpha-channel-opacity is-style-dots\"\/>\n\n<h2 class=\"wp-block-heading has-text-align-center\">New in store<\/h2>\n\n<div data-block-name=\"woocommerce\/product-new\" data-columns=\"4\" data-rows=\"1\" class=\"wc-block-grid wp-block-product-new wp-block-woocommerce-product-new wc-block-product-new has-4-columns\"><ul class=\"wc-block-grid__products\"><li class=\"wc-block-grid__product\">\n\t\t\t\t<a href=\"https:\/\/www.startbusiness.be\/en\/product\/gestion-crm\/\" class=\"wc-block-grid__product-link\">\n\t\t\t\t\t\n\t\t\t\t\t<div class=\"wc-block-grid__product-image\"><img fetchpriority=\"high\" decoding=\"async\" width=\"300\" height=\"300\" src=\"https:\/\/www.startbusiness.be\/wp-content\/uploads\/2024\/07\/Rocket-Start-Business-300x300.png\" class=\"attachment-woocommerce_thumbnail size-woocommerce_thumbnail\" alt=\"Gestion CRM\" srcset=\"https:\/\/www.startbusiness.be\/wp-content\/uploads\/2024\/07\/Rocket-Start-Business-300x300.png 300w, https:\/\/www.startbusiness.be\/wp-content\/uploads\/2024\/07\/Rocket-Start-Business-150x150.png 150w, https:\/\/www.startbusiness.be\/wp-content\/uploads\/2024\/07\/Rocket-Start-Business-768x768.png 768w, https:\/\/www.startbusiness.be\/wp-content\/uploads\/2024\/07\/Rocket-Start-Business-710x710.png 710w, https:\/\/www.startbusiness.be\/wp-content\/uploads\/2024\/07\/Rocket-Start-Business-600x600.png 600w, https:\/\/www.startbusiness.be\/wp-content\/uploads\/2024\/07\/Rocket-Start-Business-100x100.png 100w, https:\/\/www.startbusiness.be\/wp-content\/uploads\/2024\/07\/Rocket-Start-Business.png 1000w\" sizes=\"(max-width: 300px) 100vw, 300px\" \/><\/div>\n\t\t\t\t\t<div class=\"wc-block-grid__product-title\">Gestion CRM<\/div>\n\t\t\t\t<\/a>\n\t\t\t\t<div class=\"wc-block-grid__product-price price\"><span class=\"woocommerce-Price-amount amount\"><span class=\"woocommerce-Price-currencySymbol\">&euro;<\/span>45.00<\/span><\/div>\n\t\t\t\t\n\t\t\t\t<div class=\"wp-block-button wc-block-grid__product-add-to-cart\"><a href=\"https:\/\/www.startbusiness.be\/en\/product\/gestion-crm\/\" aria-label=\"Add to cart: \u201cGestion CRM\u201d\" data-quantity=\"1\" data-product_id=\"12042\" data-product_sku=\"\" data-price=\"45\" rel=\"nofollow\" class=\"wp-block-button__link  add_to_cart_button\" data-no-translation-aria-label=\"\">Select options<\/a><\/div>\n\t\t\t<\/li><li class=\"wc-block-grid__product\">\n\t\t\t\t<a href=\"https:\/\/www.startbusiness.be\/en\/product\/systeme-de-securite\/\" class=\"wc-block-grid__product-link\">\n\t\t\t\t\t\n\t\t\t\t\t<div class=\"wc-block-grid__product-image\"><img decoding=\"async\" width=\"300\" height=\"300\" src=\"https:\/\/www.startbusiness.be\/wp-content\/uploads\/2024\/07\/Rocket-Start-Business-300x300.png\" class=\"attachment-woocommerce_thumbnail size-woocommerce_thumbnail\" alt=\"Syst\u00e8me de s\u00e9curit\u00e9\" srcset=\"https:\/\/www.startbusiness.be\/wp-content\/uploads\/2024\/07\/Rocket-Start-Business-300x300.png 300w, https:\/\/www.startbusiness.be\/wp-content\/uploads\/2024\/07\/Rocket-Start-Business-150x150.png 150w, https:\/\/www.startbusiness.be\/wp-content\/uploads\/2024\/07\/Rocket-Start-Business-768x768.png 768w, https:\/\/www.startbusiness.be\/wp-content\/uploads\/2024\/07\/Rocket-Start-Business-710x710.png 710w, https:\/\/www.startbusiness.be\/wp-content\/uploads\/2024\/07\/Rocket-Start-Business-600x600.png 600w, https:\/\/www.startbusiness.be\/wp-content\/uploads\/2024\/07\/Rocket-Start-Business-100x100.png 100w, https:\/\/www.startbusiness.be\/wp-content\/uploads\/2024\/07\/Rocket-Start-Business.png 1000w\" sizes=\"(max-width: 300px) 100vw, 300px\" \/><\/div>\n\t\t\t\t\t<div class=\"wc-block-grid__product-title\">Syst\u00e8me de s\u00e9curit\u00e9<\/div>\n\t\t\t\t<\/a>\n\t\t\t\t<div class=\"wc-block-grid__product-price price\"><span class=\"woocommerce-Price-amount amount\"><span class=\"woocommerce-Price-currencySymbol\">&euro;<\/span>45.00<\/span><\/div>\n\t\t\t\t\n\t\t\t\t<div class=\"wp-block-button wc-block-grid__product-add-to-cart\"><a href=\"https:\/\/www.startbusiness.be\/en\/product\/systeme-de-securite\/\" aria-label=\"Add to cart: \u201cSyst\u00e8me de s\u00e9curit\u00e9\u201d\" data-quantity=\"1\" data-product_id=\"12039\" data-product_sku=\"\" data-price=\"45\" rel=\"nofollow\" class=\"wp-block-button__link  add_to_cart_button\" data-no-translation-aria-label=\"\">Select options<\/a><\/div>\n\t\t\t<\/li><li class=\"wc-block-grid__product\">\n\t\t\t\t<a href=\"https:\/\/www.startbusiness.be\/en\/product\/standard-telephonique\/\" class=\"wc-block-grid__product-link\">\n\t\t\t\t\t\n\t\t\t\t\t<div class=\"wc-block-grid__product-image\"><img decoding=\"async\" width=\"300\" height=\"300\" src=\"https:\/\/www.startbusiness.be\/wp-content\/uploads\/2024\/07\/Rocket-Start-Business-300x300.png\" class=\"attachment-woocommerce_thumbnail size-woocommerce_thumbnail\" alt=\"Standard T\u00e9l\u00e9phonique\" srcset=\"https:\/\/www.startbusiness.be\/wp-content\/uploads\/2024\/07\/Rocket-Start-Business-300x300.png 300w, https:\/\/www.startbusiness.be\/wp-content\/uploads\/2024\/07\/Rocket-Start-Business-150x150.png 150w, https:\/\/www.startbusiness.be\/wp-content\/uploads\/2024\/07\/Rocket-Start-Business-768x768.png 768w, https:\/\/www.startbusiness.be\/wp-content\/uploads\/2024\/07\/Rocket-Start-Business-710x710.png 710w, https:\/\/www.startbusiness.be\/wp-content\/uploads\/2024\/07\/Rocket-Start-Business-600x600.png 600w, https:\/\/www.startbusiness.be\/wp-content\/uploads\/2024\/07\/Rocket-Start-Business-100x100.png 100w, https:\/\/www.startbusiness.be\/wp-content\/uploads\/2024\/07\/Rocket-Start-Business.png 1000w\" sizes=\"(max-width: 300px) 100vw, 300px\" \/><\/div>\n\t\t\t\t\t<div class=\"wc-block-grid__product-title\">Standard T\u00e9l\u00e9phonique<\/div>\n\t\t\t\t<\/a>\n\t\t\t\t<div class=\"wc-block-grid__product-price price\"><span class=\"woocommerce-Price-amount amount\"><span class=\"woocommerce-Price-currencySymbol\">&euro;<\/span>45.00<\/span><\/div>\n\t\t\t\t\n\t\t\t\t<div class=\"wp-block-button wc-block-grid__product-add-to-cart\"><a href=\"https:\/\/www.startbusiness.be\/en\/product\/standard-telephonique\/\" aria-label=\"Add to cart: \u201cStandard T\u00e9l\u00e9phonique\u201d\" data-quantity=\"1\" data-product_id=\"12016\" data-product_sku=\"\" data-price=\"45\" rel=\"nofollow\" class=\"wp-block-button__link  add_to_cart_button\" data-no-translation-aria-label=\"\">Select options<\/a><\/div>\n\t\t\t<\/li><li class=\"wc-block-grid__product\">\n\t\t\t\t<a href=\"https:\/\/www.startbusiness.be\/en\/product\/systeme-de-reservation\/\" class=\"wc-block-grid__product-link\">\n\t\t\t\t\t\n\t\t\t\t\t<div class=\"wc-block-grid__product-image\"><img loading=\"lazy\" decoding=\"async\" width=\"300\" height=\"300\" src=\"https:\/\/www.startbusiness.be\/wp-content\/uploads\/2024\/07\/Rocket-Start-Business-300x300.png\" class=\"attachment-woocommerce_thumbnail size-woocommerce_thumbnail\" alt=\"Syst\u00e8me de r\u00e9servation\" srcset=\"https:\/\/www.startbusiness.be\/wp-content\/uploads\/2024\/07\/Rocket-Start-Business-300x300.png 300w, https:\/\/www.startbusiness.be\/wp-content\/uploads\/2024\/07\/Rocket-Start-Business-150x150.png 150w, https:\/\/www.startbusiness.be\/wp-content\/uploads\/2024\/07\/Rocket-Start-Business-768x768.png 768w, https:\/\/www.startbusiness.be\/wp-content\/uploads\/2024\/07\/Rocket-Start-Business-710x710.png 710w, https:\/\/www.startbusiness.be\/wp-content\/uploads\/2024\/07\/Rocket-Start-Business-600x600.png 600w, https:\/\/www.startbusiness.be\/wp-content\/uploads\/2024\/07\/Rocket-Start-Business-100x100.png 100w, https:\/\/www.startbusiness.be\/wp-content\/uploads\/2024\/07\/Rocket-Start-Business.png 1000w\" sizes=\"(max-width: 300px) 100vw, 300px\" \/><\/div>\n\t\t\t\t\t<div class=\"wc-block-grid__product-title\">Syst\u00e8me de r\u00e9servation<\/div>\n\t\t\t\t<\/a>\n\t\t\t\t<div class=\"wc-block-grid__product-price price\"><span class=\"woocommerce-Price-amount amount\"><span class=\"woocommerce-Price-currencySymbol\">&euro;<\/span>45.00<\/span><\/div>\n\t\t\t\t\n\t\t\t\t<div class=\"wp-block-button wc-block-grid__product-add-to-cart\"><a href=\"https:\/\/www.startbusiness.be\/en\/product\/systeme-de-reservation\/\" aria-label=\"Add to cart: \u201cSyst\u00e8me de r\u00e9servation\u201d\" data-quantity=\"1\" data-product_id=\"11659\" data-product_sku=\"\" data-price=\"45\" rel=\"nofollow\" class=\"wp-block-button__link  add_to_cart_button\" data-no-translation-aria-label=\"\">Select options<\/a><\/div>\n\t\t\t<\/li><\/ul><\/div><\/div><\/div>","protected":false},"excerpt":{"rendered":"","protected":false},"author":1,"featured_media":0,"parent":0,"menu_order":0,"comment_status":"closed","ping_status":"closed","template":"","meta":{"footnotes":""},"_links":{"self":[{"href":"https:\/\/www.startbusiness.be\/en\/wp-json\/wp\/v2\/pages\/11"}],"collection":[{"href":"https:\/\/www.startbusiness.be\/en\/wp-json\/wp\/v2\/pages"}],"about":[{"href":"https:\/\/www.startbusiness.be\/en\/wp-json\/wp\/v2\/types\/page"}],"author":[{"embeddable":true,"href":"https:\/\/www.startbusiness.be\/en\/wp-json\/wp\/v2\/users\/1"}],"replies":[{"embeddable":true,"href":"https:\/\/www.startbusiness.be\/en\/wp-json\/wp\/v2\/comments?post=11"}],"version-history":[{"count":2,"href":"https:\/\/www.startbusiness.be\/en\/wp-json\/wp\/v2\/pages\/11\/revisions"}],"predecessor-version":[{"id":11678,"href":"https:\/\/www.startbusiness.be\/en\/wp-json\/wp\/v2\/pages\/11\/revisions\/11678"}],"wp:attachment":[{"href":"https:\/\/www.startbusiness.be\/en\/wp-json\/wp\/v2\/media?parent=11"}],"curies":[{"name":"wp","href":"https:\/\/api.w.org\/{rel}","templated":true}]}}