{"id":11499,"date":"2025-04-30T16:15:37","date_gmt":"2025-04-30T16:15:37","guid":{"rendered":"https:\/\/www.startbusiness.be\/?page_id=11499"},"modified":"2026-01-14T12:51:28","modified_gmt":"2026-01-14T12:51:28","slug":"temoignage","status":"publish","type":"page","link":"https:\/\/www.startbusiness.be\/nl\/temoignage\/","title":{"rendered":"Getuigenis"},"content":{"rendered":"<div data-elementor-type=\"wp-page\" data-elementor-id=\"11499\" class=\"elementor elementor-11499\" data-elementor-post-type=\"page\">\n\t\t\t\t<div class=\"elementor-element elementor-element-b341a9f e-flex e-con-boxed e-con e-parent\" data-id=\"b341a9f\" data-element_type=\"container\">\n\t\t\t\t\t<div class=\"e-con-inner\">\n\t\t<div class=\"elementor-element elementor-element-3ca9bc0 e-con-full e-flex e-con e-child\" data-id=\"3ca9bc0\" data-element_type=\"container\">\n\t\t<div class=\"elementor-element elementor-element-200ffb5 e-con-full e-flex e-con e-child\" data-id=\"200ffb5\" data-element_type=\"container\">\n\t\t\t\t<div class=\"elementor-element elementor-element-15be1a1 elementor-invisible elementor-widget elementor-widget-elementskit-breadcrumb\" data-id=\"15be1a1\" data-element_type=\"widget\" data-settings=\"{&quot;_animation&quot;:&quot;fadeIn&quot;,&quot;_animation_delay&quot;:200,&quot;ekit_we_effect_on&quot;:&quot;none&quot;}\" data-widget_type=\"elementskit-breadcrumb.default\">\n\t\t\t\t<div class=\"elementor-widget-container\">\n\t\t\t<div class=\"ekit-wid-con\" ><ol class=\"ekit-breadcrumb\"><li class=\"ekit_breadcrumbs_start\"><a href=\"https:\/\/www.startbusiness.be\/nl\">Home<\/a><\/li><\/ol><\/div>\t\t<\/div>\n\t\t\t\t<\/div>\n\t\t\t\t<div class=\"elementor-element elementor-element-7407e68 elementor-invisible elementor-widget elementor-widget-elementskit-heading\" data-id=\"7407e68\" data-element_type=\"widget\" data-settings=\"{&quot;ekit_we_effect_on&quot;:&quot;css&quot;,&quot;_animation&quot;:&quot;fadeIn&quot;,&quot;_animation_delay&quot;:200}\" data-widget_type=\"elementskit-heading.default\">\n\t\t\t\t<div class=\"elementor-widget-container\">\n\t\t\t<div class=\"ekit-wid-con\" ><div class=\"ekit-heading elementskit-section-title-wraper text_center   ekit_heading_tablet-   ekit_heading_mobile-\"><h1 class=\"ekit-heading--title elementskit-section-title\">Ils ont lanc\u00e9 <span><span>et d\u00e9velopp\u00e9<\/span><\/span> leur business avec StartBusiness<\/h1>\t\t\t\t<div class='ekit-heading__description'>\n\t\t\t\t\t<p>Cr\u00e9ation de site, vid\u00e9os, campagnes publicitaires, strat\u00e9gie digitale :<br \/>nos clients ne viennent pas pour une promesse, mais pour des <strong>r\u00e9sultats concrets<\/strong>.<\/p>\n\t\t\t\t<\/div>\n\t\t\t<\/div><\/div>\t\t<\/div>\n\t\t\t\t<\/div>\n\t\t\t\t<\/div>\n\t\t\t\t<\/div>\n\t\t\t\t\t<\/div>\n\t\t\t\t<\/div>\n\t\t<div class=\"elementor-element elementor-element-1a1c230 e-flex e-con-boxed e-con e-parent\" data-id=\"1a1c230\" data-element_type=\"container\">\n\t\t\t\t\t<div class=\"e-con-inner\">\n\t\t\t\t<div class=\"elementor-element elementor-element-1541e98 elementor-widget elementor-widget-html\" data-id=\"1541e98\" data-element_type=\"widget\" data-settings=\"{&quot;ekit_we_effect_on&quot;:&quot;none&quot;}\" data-widget_type=\"html.default\">\n\t\t\t\t<div class=\"elementor-widget-container\">\n\t\t\t<script type=\"text\/javascript\" src=\"https:\/\/testimonial.to\/js\/iframeResizer.min.js\"><\/script>\r\n<iframe id='testimonialto-bd7a3305-5eb0-4c31-b718-818cb7ad2ac9' src=\"https:\/\/embed-v2.testimonial.to\/w\/startbusiness?id=bd7a3305-5eb0-4c31-b718-818cb7ad2ac9\" frameborder=\"0\" scrolling=\"no\" width=\"100%\" ><\/iframe>\r\n<script type=\"text\/javascript\">iFrameResize({log: false, checkOrigin: false}, '#testimonialto-bd7a3305-5eb0-4c31-b718-818cb7ad2ac9');<\/script>\t\t<\/div>\n\t\t\t\t<\/div>\n\t\t\t\t\t<\/div>\n\t\t\t\t<\/div>\n\t\t<div class=\"elementor-element elementor-element-33799b1 e-flex e-con-boxed e-con e-parent\" data-id=\"33799b1\" data-element_type=\"container\">\n\t\t\t\t\t<div class=\"e-con-inner\">\n\t\t\t\t<div class=\"elementor-element elementor-element-d91eef9 elementor-align-center elementor-widget elementor-widget-button\" data-id=\"d91eef9\" data-element_type=\"widget\" data-settings=\"{&quot;ekit_we_effect_on&quot;:&quot;none&quot;}\" data-widget_type=\"button.default\">\n\t\t\t\t<div class=\"elementor-widget-container\">\n\t\t\t\t\t<div class=\"elementor-button-wrapper\">\n\t\t\t<a class=\"elementor-button elementor-button-link elementor-size-sm\" href=\"#\">\n\t\t\t\t\t\t<span class=\"elementor-button-content-wrapper\">\n\t\t\t\t\t\t\t\t\t<span class=\"elementor-button-text\">Laissez-nous un avis <\/span>\n\t\t\t\t\t<\/span>\n\t\t\t\t\t<\/a>\n\t\t<\/div>\n\t\t\t\t<\/div>\n\t\t\t\t<\/div>\n\t\t\t\t\t<\/div>\n\t\t\t\t<\/div>\n\t\t\t\t<\/div>","protected":false},"excerpt":{"rendered":"<p>Home Ils ont lanc\u00e9 et d\u00e9velopp\u00e9 leur business avec StartBusiness Cr\u00e9ation de site, vid\u00e9os, campagnes publicitaires, strat\u00e9gie digitale :nos clients ne viennent pas pour une promesse, mais pour des r\u00e9sultats concrets. Laissez-nous un avis<\/p>","protected":false},"author":1,"featured_media":0,"parent":0,"menu_order":0,"comment_status":"closed","ping_status":"closed","template":"","meta":{"footnotes":""},"_links":{"self":[{"href":"https:\/\/www.startbusiness.be\/nl\/wp-json\/wp\/v2\/pages\/11499"}],"collection":[{"href":"https:\/\/www.startbusiness.be\/nl\/wp-json\/wp\/v2\/pages"}],"about":[{"href":"https:\/\/www.startbusiness.be\/nl\/wp-json\/wp\/v2\/types\/page"}],"author":[{"embeddable":true,"href":"https:\/\/www.startbusiness.be\/nl\/wp-json\/wp\/v2\/users\/1"}],"replies":[{"embeddable":true,"href":"https:\/\/www.startbusiness.be\/nl\/wp-json\/wp\/v2\/comments?post=11499"}],"version-history":[{"count":28,"href":"https:\/\/www.startbusiness.be\/nl\/wp-json\/wp\/v2\/pages\/11499\/revisions"}],"predecessor-version":[{"id":13441,"href":"https:\/\/www.startbusiness.be\/nl\/wp-json\/wp\/v2\/pages\/11499\/revisions\/13441"}],"wp:attachment":[{"href":"https:\/\/www.startbusiness.be\/nl\/wp-json\/wp\/v2\/media?parent=11499"}],"curies":[{"name":"wp","href":"https:\/\/api.w.org\/{rel}","templated":true}]}}