{"id":11625,"date":"2025-05-01T22:15:24","date_gmt":"2025-05-01T22:15:24","guid":{"rendered":"https:\/\/www.startbusiness.be\/?page_id=11625"},"modified":"2025-11-04T17:35:21","modified_gmt":"2025-11-04T17:35:21","slug":"community-manager","status":"publish","type":"page","link":"https:\/\/www.startbusiness.be\/nl\/community-manager\/","title":{"rendered":"Community Manager"},"content":{"rendered":"<div data-elementor-type=\"wp-page\" data-elementor-id=\"11625\" class=\"elementor elementor-11625\" data-elementor-post-type=\"page\">\n\t\t\t\t<div class=\"elementor-element elementor-element-4c7a6095 e-flex e-con-boxed e-con e-parent\" data-id=\"4c7a6095\" data-element_type=\"container\" id=\"portfolio-content\">\n\t\t\t\t\t<div class=\"e-con-inner\">\n\t\t<div class=\"elementor-element elementor-element-750631f1 e-con-full e-flex e-con e-child\" data-id=\"750631f1\" data-element_type=\"container\">\n\t\t<div class=\"elementor-element elementor-element-51548c84 e-con-full animated-fast e-flex elementor-invisible e-con e-child\" data-id=\"51548c84\" data-element_type=\"container\" data-settings=\"{&quot;background_background&quot;:&quot;classic&quot;,&quot;animation&quot;:&quot;fadeInUp&quot;,&quot;animation_delay&quot;:100}\">\n\t\t\t\t<div class=\"elementor-element elementor-element-76de1a24 animated-fast elementor-invisible elementor-widget elementor-widget-image\" data-id=\"76de1a24\" data-element_type=\"widget\" data-settings=\"{&quot;_animation&quot;:&quot;fadeInUp&quot;,&quot;_animation_delay&quot;:200,&quot;ekit_we_effect_on&quot;:&quot;none&quot;}\" data-widget_type=\"image.default\">\n\t\t\t\t<div class=\"elementor-widget-container\">\n\t\t\t<style>\/*! elementor - v3.22.0 - 17-06-2024 *\/\n.elementor-widget-image{text-align:center}.elementor-widget-image a{display:inline-block}.elementor-widget-image a img[src$=\".svg\"]{width:48px}.elementor-widget-image img{vertical-align:middle;display:inline-block}<\/style>\t\t\t\t\t\t\t\t\t\t<img fetchpriority=\"high\" decoding=\"async\" width=\"850\" height=\"550\" src=\"https:\/\/www.startbusiness.be\/wp-content\/uploads\/2023\/08\/blog-post-2.jpg\" class=\"attachment-full size-full wp-image-772\" alt=\"\" srcset=\"https:\/\/www.startbusiness.be\/wp-content\/uploads\/2023\/08\/blog-post-2.jpg 850w, https:\/\/www.startbusiness.be\/wp-content\/uploads\/2023\/08\/blog-post-2-600x388.jpg 600w\" sizes=\"(max-width: 850px) 100vw, 850px\" \/>\t\t\t\t\t\t\t\t\t\t\t\t\t<\/div>\n\t\t\t\t<\/div>\n\t\t\t\t<\/div>\n\t\t<div class=\"elementor-element elementor-element-3f5fd9e0 e-con-full animated-fast e-flex elementor-invisible e-con e-child\" data-id=\"3f5fd9e0\" data-element_type=\"container\" data-settings=\"{&quot;background_background&quot;:&quot;classic&quot;,&quot;animation&quot;:&quot;fadeInUp&quot;,&quot;animation_delay&quot;:100}\">\n\t\t\t\t<div class=\"elementor-element elementor-element-368dfee0 animated-fast elementor-invisible elementor-widget elementor-widget-image\" data-id=\"368dfee0\" data-element_type=\"widget\" data-settings=\"{&quot;_animation&quot;:&quot;fadeInUp&quot;,&quot;_animation_delay&quot;:200,&quot;ekit_we_effect_on&quot;:&quot;none&quot;}\" data-widget_type=\"image.default\">\n\t\t\t\t<div class=\"elementor-widget-container\">\n\t\t\t\t\t\t\t\t\t\t\t\t\t<img decoding=\"async\" width=\"850\" height=\"550\" src=\"https:\/\/www.startbusiness.be\/wp-content\/uploads\/2023\/08\/blog-post-1.jpg\" class=\"attachment-full size-full wp-image-770\" alt=\"\" srcset=\"https:\/\/www.startbusiness.be\/wp-content\/uploads\/2023\/08\/blog-post-1.jpg 850w, https:\/\/www.startbusiness.be\/wp-content\/uploads\/2023\/08\/blog-post-1-600x388.jpg 600w\" sizes=\"(max-width: 850px) 100vw, 850px\" \/>\t\t\t\t\t\t\t\t\t\t\t\t\t<\/div>\n\t\t\t\t<\/div>\n\t\t\t\t<\/div>\n\t\t<div class=\"elementor-element elementor-element-71603715 e-con-full animated-fast e-flex elementor-invisible e-con e-child\" data-id=\"71603715\" data-element_type=\"container\" data-settings=\"{&quot;background_background&quot;:&quot;classic&quot;,&quot;animation&quot;:&quot;fadeInUp&quot;,&quot;animation_delay&quot;:100}\">\n\t\t\t\t<div class=\"elementor-element elementor-element-245cf24c animated-fast elementor-invisible elementor-widget elementor-widget-image\" data-id=\"245cf24c\" data-element_type=\"widget\" data-settings=\"{&quot;_animation&quot;:&quot;fadeInUp&quot;,&quot;_animation_delay&quot;:200,&quot;ekit_we_effect_on&quot;:&quot;none&quot;}\" data-widget_type=\"image.default\">\n\t\t\t\t<div class=\"elementor-widget-container\">\n\t\t\t\t\t\t\t\t\t\t\t\t\t<img decoding=\"async\" width=\"850\" height=\"550\" src=\"https:\/\/www.startbusiness.be\/wp-content\/uploads\/2023\/08\/blog-post-6.jpg\" class=\"attachment-full size-full wp-image-780\" alt=\"\" srcset=\"https:\/\/www.startbusiness.be\/wp-content\/uploads\/2023\/08\/blog-post-6.jpg 850w, https:\/\/www.startbusiness.be\/wp-content\/uploads\/2023\/08\/blog-post-6-600x388.jpg 600w\" sizes=\"(max-width: 850px) 100vw, 850px\" \/>\t\t\t\t\t\t\t\t\t\t\t\t\t<\/div>\n\t\t\t\t<\/div>\n\t\t\t\t<\/div>\n\t\t<div class=\"elementor-element elementor-element-4e9def2b e-con-full animated-fast e-flex elementor-invisible e-con e-child\" data-id=\"4e9def2b\" data-element_type=\"container\" data-settings=\"{&quot;background_background&quot;:&quot;classic&quot;,&quot;animation&quot;:&quot;fadeInUp&quot;,&quot;animation_delay&quot;:100}\">\n\t\t\t\t<\/div>\n\t\t\t\t<\/div>\n\t\t<div class=\"elementor-element elementor-element-1b04fdd9 e-con-full sticky-container e-flex e-con e-child\" data-id=\"1b04fdd9\" data-element_type=\"container\">\n\t\t\t\t<div class=\"elementor-element elementor-element-320b58c7 elementor-hidden-desktop elementor-widget elementor-widget-image\" data-id=\"320b58c7\" data-element_type=\"widget\" data-settings=\"{&quot;ekit_we_effect_on&quot;:&quot;none&quot;}\" data-widget_type=\"image.default\">\n\t\t\t\t<div class=\"elementor-widget-container\">\n\t\t\t\t\t\t\t\t\t\t\t\t\t<img loading=\"lazy\" decoding=\"async\" width=\"850\" height=\"550\" src=\"https:\/\/www.startbusiness.be\/wp-content\/uploads\/2023\/08\/blog-post-4.jpg\" class=\"attachment-large size-large wp-image-776\" alt=\"\" srcset=\"https:\/\/www.startbusiness.be\/wp-content\/uploads\/2023\/08\/blog-post-4.jpg 850w, https:\/\/www.startbusiness.be\/wp-content\/uploads\/2023\/08\/blog-post-4-600x388.jpg 600w\" sizes=\"(max-width: 850px) 100vw, 850px\" \/>\t\t\t\t\t\t\t\t\t\t\t\t\t<\/div>\n\t\t\t\t<\/div>\n\t\t\t\t<div class=\"elementor-element elementor-element-4cbda442 elementor-widget elementor-widget-elementskit-heading\" data-id=\"4cbda442\" data-element_type=\"widget\" data-settings=\"{&quot;ekit_we_effect_on&quot;:&quot;css&quot;}\" data-widget_type=\"elementskit-heading.default\">\n\t\t\t\t<div class=\"elementor-widget-container\">\n\t\t\t<div class=\"ekit-wid-con\" ><div class=\"ekit-heading elementskit-section-title-wraper text_left   ekit_heading_tablet-   ekit_heading_mobile-\"><h2 class=\"ekit-heading--title elementskit-section-title\">D\u00e9veloppez votre pr\u00e9sence en ligne sans effort \ud83c\udfaf<\/h2>\t\t\t\t<div class='ekit-heading__description'>\n\t\t\t\t\t<div class=\"flex flex-grow flex-col max-w-full\">\n<div class=\"min-h-[20px] text-message flex flex-col items-start whitespace-pre-wrap break-words [.text-message+&amp;]:mt-5 juice:w-full juice:items-end overflow-x-auto gap-2\">\n<div class=\"flex w-full flex-col gap-1 juice:empty:hidden juice:first:pt-[3px]\">\n<div class=\"markdown prose w-full break-words dark:prose-invert light\">\n<p class=\"\">Aujourd\u2019hui, ne pas \u00eatre actif sur les r\u00e9seaux sociaux, c\u2019est laisser vos concurrents prendre la parole \u00e0 votre place.<br \/>Mais publier du contenu de qualit\u00e9 <strong>chaque semaine<\/strong>, c\u2019est <strong>chronophage<\/strong>\u2026 et ce n\u2019est pas votre m\u00e9tier.<\/p>\n<p class=\"\"><strong>Bonne nouvelle : c\u2019est le n\u00f4tre.<\/strong><\/p>\n\n<h3 class=\"\">Community Management : on s\u2019occupe de tout<\/h3>\n<p class=\"\">Avec notre service cl\u00e9 en main, vous d\u00e9l\u00e9guez la gestion de vos r\u00e9seaux sociaux \u00e0 une \u00e9quipe d\u2019experts.<br \/>Textes, visuels, strat\u00e9gie, calendrier : on cr\u00e9e pour vous des contenus engageants, coh\u00e9rents et r\u00e9guliers.<\/p>\n<h3 class=\"\">\ud83d\udcbc Nos formules d'accompagnement<\/h3>\n<p class=\"\">Choisissez le rythme qui correspond \u00e0 vos objectifs :<\/p>\n<h5><strong>\ud83d\udfe2 Starter \u2013 1 \u00e0 2 posts\/semaine<\/strong><\/h5>\n<p class=\"\">Id\u00e9al pour maintenir une pr\u00e9sence r\u00e9guli\u00e8re et rassurer vos prospects.<br \/><strong>\u27a4 Prix : 149\u20ac\/mois<\/strong><\/p>\n<p>\u00a0<\/p>\n<h5><strong>\ud83d\udd35 Croissance \u2013 3 \u00e0 4 posts\/semaine<\/strong><\/h5>\n<p class=\"\">Parfait pour engager votre communaut\u00e9 et booster votre visibilit\u00e9.<br \/><strong>\u27a4 Prix : 249\u20ac\/mois<\/strong><\/p>\n<p>\u00a0<\/p>\n<h5><strong>\ud83d\udd34 Visibilit\u00e9 MAX \u2013 5 \u00e0 7 posts\/semaine<\/strong><\/h5>\n<p class=\"\">Pour ceux qui veulent dominer leur secteur et publier quasi-quotidiennement.<br \/><strong>\u27a4 Prix : 349\u20ac\/mois<\/strong><\/p>\n<p>\u00a0<\/p>\n\n<h3 class=\"\">\u2705 Ce qui est inclus dans toutes les formules :<\/h3>\n<p class=\"\">- Cr\u00e9ation de visuels professionnels<\/p>\n<p class=\"\">- R\u00e9daction de textes optimis\u00e9s<\/p>\n<p class=\"\">- Hashtags strat\u00e9giques<\/p>\n<p class=\"\">- Planification et publication<\/p>\n<p class=\"\">- Suivi des performances<\/p>\n<p class=\"\">- Accompagnement humain et r\u00e9actif<\/p>\n<\/div>\n<\/div>\n<\/div>\n<\/div>\n\t\t\t\t<\/div>\n\t\t\t<\/div><\/div>\t\t<\/div>\n\t\t\t\t<\/div>\n\t\t\t\t<div class=\"elementor-element elementor-element-34535502 elementor-widget elementor-widget-elementskit-creative-button\" data-id=\"34535502\" data-element_type=\"widget\" data-settings=\"{&quot;ekit_we_effect_on&quot;:&quot;none&quot;}\" data-widget_type=\"elementskit-creative-button.default\">\n\t\t\t\t<div class=\"elementor-widget-container\">\n\t\t\t<div class=\"ekit-wid-con\" >\t\t<div class=\"ekit-btn-wraper\">\n\t\t\t\t\t\t\t\t<a href=\"#elementor-action:action=popup:open&settings=eyJpZCI6IjExNjM5IiwidG9nZ2xlIjpmYWxzZX0=\" class=\"ekit_creative_button ekit_slide_in_line ekit_slide_text_right ekit_btn_splash\" id=\"\" data-text=\"\">\n\n\t\t\t\t\t\t\n\t\t\t\t\t\t<span class=\"ekit_creative_button_text\">Commencez en cliquant ici<\/span>\n\n\t\t\t\t\t\t\n\t\t\t\t\t\t\t\t\t\t\t<\/a>\n\t\t\t\t\t\t<\/div>\n        <\/div>\t\t<\/div>\n\t\t\t\t<\/div>\n\t\t\t\t<div class=\"elementor-element elementor-element-4d32eb08 elementor-widget elementor-widget-elementskit-heading\" data-id=\"4d32eb08\" data-element_type=\"widget\" data-settings=\"{&quot;ekit_we_effect_on&quot;:&quot;css&quot;}\" data-widget_type=\"elementskit-heading.default\">\n\t\t\t\t<div class=\"elementor-widget-container\">\n\t\t\t<div class=\"ekit-wid-con\" ><div class=\"ekit-heading elementskit-section-title-wraper text_left   ekit_heading_tablet-   ekit_heading_mobile-\">\t\t\t\t<div class='ekit-heading__description'>\n\t\t\t\t\t<div class=\"flex flex-grow flex-col max-w-full\">\n<div class=\"min-h-[0px] text-message flex flex-col items-start whitespace-pre-wrap break-words [.text-message+&amp;]:mt-5 juice:w-full juice:items-end overflow-x-auto gap-2\">\n<div class=\"flex w-full flex-col gap-1 juice:empty:hidden juice:first:pt-[3px]\">\n<div class=\"markdown prose w-full break-words dark:prose-invert light\">\n<h3 class=\"\">\ud83d\udd25 Boostez votre image, attirez plus de clients<\/h3>\n<p class=\"\">En confiant vos r\u00e9seaux \u00e0 StartBusiness, vous gagnez :<\/p>\n<p class=\"\">- Du <strong>temps<\/strong><\/p>\n<p class=\"\">- De la <strong>coh\u00e9rence<\/strong><\/p>\n<p class=\"\">- Et surtout\u2026 des <strong>r\u00e9sultats concrets<\/strong>.<\/p>\n\n<h3>\ud83d\udcf2 Pr\u00eat \u00e0 faire passer vos r\u00e9seaux au niveau sup\u00e9rieur ?<\/h3>\n<p class=\"\">\ud83d\udc49 Contactez-nous ou choisissez votre formule d\u00e8s aujourd\u2019hui.<br \/><strong>StartBusiness \u2013 Votre image m\u00e9rite mieux que l\u2019approximation.<\/strong><\/p>\n<\/div>\n<\/div>\n<\/div>\n<\/div>\n\t\t\t\t<\/div>\n\t\t\t<\/div><\/div>\t\t<\/div>\n\t\t\t\t<\/div>\n\t\t\t\t<div class=\"elementor-element elementor-element-2fd0b217 elementor-widget elementor-widget-elementskit-creative-button\" data-id=\"2fd0b217\" data-element_type=\"widget\" data-settings=\"{&quot;ekit_we_effect_on&quot;:&quot;none&quot;}\" data-widget_type=\"elementskit-creative-button.default\">\n\t\t\t\t<div class=\"elementor-widget-container\">\n\t\t\t<div class=\"ekit-wid-con\" >\t\t<div class=\"ekit-btn-wraper\">\n\t\t\t\t\t\t\t\t<a href=\"#elementor-action:action=popup:open&settings=eyJpZCI6IjExNjM5IiwidG9nZ2xlIjpmYWxzZX0=\" class=\"ekit_creative_button ekit_slide_bg ekit_slide_in_line\" id=\"\" data-text=\"\">\n\n\t\t\t\t\t\t\t\t\t\t\t\t\t\t\t\t\t\t\t\n\t\t\t\t\t\t<span class=\"ekit_creative_button_text\">Commencez en cliquant ici<\/span>\n\n\t\t\t\t\t\t\n\t\t\t\t\t\t\t\t\t\t\t<\/a>\n\t\t\t\t\t\t<\/div>\n        <\/div>\t\t<\/div>\n\t\t\t\t<\/div>\n\t\t<div class=\"elementor-element elementor-element-32f5f2cf e-con-full e-flex e-con e-child\" data-id=\"32f5f2cf\" data-element_type=\"container\">\n\t\t<div class=\"elementor-element elementor-element-2af6c3fc e-flex e-con-boxed e-con e-child\" data-id=\"2af6c3fc\" data-element_type=\"container\">\n\t\t\t\t\t<div class=\"e-con-inner\">\n\t\t<div class=\"elementor-element elementor-element-3fc9d210 e-con-full e-flex e-con e-child\" data-id=\"3fc9d210\" data-element_type=\"container\">\n\t\t\t\t<div class=\"elementor-element elementor-element-462a86ac animated-fast elementor-invisible elementor-widget elementor-widget-elementskit-heading\" data-id=\"462a86ac\" data-element_type=\"widget\" data-settings=\"{&quot;ekit_we_effect_on&quot;:&quot;css&quot;,&quot;_animation&quot;:&quot;fadeIn&quot;,&quot;_animation_delay&quot;:100}\" data-widget_type=\"elementskit-heading.default\">\n\t\t\t\t<div class=\"elementor-widget-container\">\n\t\t\t<div class=\"ekit-wid-con\" ><div class=\"ekit-heading elementskit-section-title-wraper text_left   ekit_heading_tablet-   ekit_heading_mobile-\"><h6 class=\"ekit-heading--title elementskit-section-title\">Type<\/h6><\/div><\/div>\t\t<\/div>\n\t\t\t\t<\/div>\n\t\t\t\t<\/div>\n\t\t<div class=\"elementor-element elementor-element-5c46d7c7 e-con-full e-flex e-con e-child\" data-id=\"5c46d7c7\" data-element_type=\"container\">\n\t\t\t\t<div class=\"elementor-element elementor-element-6aae3c14 animated-fast elementor-invisible elementor-widget elementor-widget-elementskit-heading\" data-id=\"6aae3c14\" data-element_type=\"widget\" data-settings=\"{&quot;ekit_we_effect_on&quot;:&quot;css&quot;,&quot;_animation&quot;:&quot;fadeIn&quot;,&quot;_animation_delay&quot;:100}\" data-widget_type=\"elementskit-heading.default\">\n\t\t\t\t<div class=\"elementor-widget-container\">\n\t\t\t<div class=\"ekit-wid-con\" ><div class=\"ekit-heading elementskit-section-title-wraper text_left   ekit_heading_tablet-   ekit_heading_mobile-\">\t\t\t\t<div class='ekit-heading__description'>\n\t\t\t\t\t<p>Abonnement \/ Service<\/p>\n\t\t\t\t<\/div>\n\t\t\t<\/div><\/div>\t\t<\/div>\n\t\t\t\t<\/div>\n\t\t\t\t<\/div>\n\t\t\t\t\t<\/div>\n\t\t\t\t<\/div>\n\t\t<div class=\"elementor-element elementor-element-7e6970d1 e-flex e-con-boxed e-con e-child\" data-id=\"7e6970d1\" data-element_type=\"container\">\n\t\t\t\t\t<div class=\"e-con-inner\">\n\t\t<div class=\"elementor-element elementor-element-3a139fa6 e-con-full e-flex e-con e-child\" data-id=\"3a139fa6\" data-element_type=\"container\">\n\t\t\t\t<div class=\"elementor-element elementor-element-757a7226 animated-fast elementor-invisible elementor-widget elementor-widget-elementskit-heading\" data-id=\"757a7226\" data-element_type=\"widget\" data-settings=\"{&quot;ekit_we_effect_on&quot;:&quot;css&quot;,&quot;_animation&quot;:&quot;fadeIn&quot;,&quot;_animation_delay&quot;:100}\" data-widget_type=\"elementskit-heading.default\">\n\t\t\t\t<div class=\"elementor-widget-container\">\n\t\t\t<div class=\"ekit-wid-con\" ><div class=\"ekit-heading elementskit-section-title-wraper text_left   ekit_heading_tablet-   ekit_heading_mobile-\"><h6 class=\"ekit-heading--title elementskit-section-title\">Avantage<\/h6><\/div><\/div>\t\t<\/div>\n\t\t\t\t<\/div>\n\t\t\t\t<\/div>\n\t\t<div class=\"elementor-element elementor-element-202522d1 e-con-full e-flex e-con e-child\" data-id=\"202522d1\" data-element_type=\"container\">\n\t\t\t\t<div class=\"elementor-element elementor-element-75154c2 animated-fast elementor-invisible elementor-widget elementor-widget-elementskit-heading\" data-id=\"75154c2\" data-element_type=\"widget\" data-settings=\"{&quot;ekit_we_effect_on&quot;:&quot;css&quot;,&quot;_animation&quot;:&quot;fadeIn&quot;,&quot;_animation_delay&quot;:100}\" data-widget_type=\"elementskit-heading.default\">\n\t\t\t\t<div class=\"elementor-widget-container\">\n\t\t\t<div class=\"ekit-wid-con\" ><div class=\"ekit-heading elementskit-section-title-wraper text_left   ekit_heading_tablet-   ekit_heading_mobile-\">\t\t\t\t<div class='ekit-heading__description'>\n\t\t\t\t\t<p>Payez et gagnez en visibilit\u00e9<\/p>\n\t\t\t\t<\/div>\n\t\t\t<\/div><\/div>\t\t<\/div>\n\t\t\t\t<\/div>\n\t\t\t\t<\/div>\n\t\t\t\t\t<\/div>\n\t\t\t\t<\/div>\n\t\t<div class=\"elementor-element elementor-element-15cf6e9b e-flex e-con-boxed e-con e-child\" data-id=\"15cf6e9b\" data-element_type=\"container\">\n\t\t\t\t\t<div class=\"e-con-inner\">\n\t\t<div class=\"elementor-element elementor-element-69456aff e-con-full e-flex e-con e-child\" data-id=\"69456aff\" data-element_type=\"container\">\n\t\t\t\t<div class=\"elementor-element elementor-element-704cd78c animated-fast elementor-invisible elementor-widget elementor-widget-elementskit-heading\" data-id=\"704cd78c\" data-element_type=\"widget\" data-settings=\"{&quot;ekit_we_effect_on&quot;:&quot;css&quot;,&quot;_animation&quot;:&quot;fadeIn&quot;,&quot;_animation_delay&quot;:100}\" data-widget_type=\"elementskit-heading.default\">\n\t\t\t\t<div class=\"elementor-widget-container\">\n\t\t\t<div class=\"ekit-wid-con\" ><div class=\"ekit-heading elementskit-section-title-wraper text_left   ekit_heading_tablet-   ekit_heading_mobile-\"><h6 class=\"ekit-heading--title elementskit-section-title\">Prix<\/h6><\/div><\/div>\t\t<\/div>\n\t\t\t\t<\/div>\n\t\t\t\t<\/div>\n\t\t<div class=\"elementor-element elementor-element-503aa7b0 e-con-full e-flex e-con e-child\" data-id=\"503aa7b0\" data-element_type=\"container\">\n\t\t\t\t<div class=\"elementor-element elementor-element-512d7bc animated-fast elementor-invisible elementor-widget elementor-widget-elementskit-heading\" data-id=\"512d7bc\" data-element_type=\"widget\" data-settings=\"{&quot;ekit_we_effect_on&quot;:&quot;css&quot;,&quot;_animation&quot;:&quot;fadeIn&quot;,&quot;_animation_delay&quot;:100}\" data-widget_type=\"elementskit-heading.default\">\n\t\t\t\t<div class=\"elementor-widget-container\">\n\t\t\t<div class=\"ekit-wid-con\" ><div class=\"ekit-heading elementskit-section-title-wraper text_left   ekit_heading_tablet-   ekit_heading_mobile-\">\t\t\t\t<div class='ekit-heading__description'>\n\t\t\t\t\t<p>A partir de 149\u20ac\/mois<\/p>\n\t\t\t\t<\/div>\n\t\t\t<\/div><\/div>\t\t<\/div>\n\t\t\t\t<\/div>\n\t\t\t\t<\/div>\n\t\t\t\t\t<\/div>\n\t\t\t\t<\/div>\n\t\t\t\t<\/div>\n\t\t<div class=\"elementor-element elementor-element-29f5cbe6 e-flex e-con-boxed e-con e-child\" data-id=\"29f5cbe6\" data-element_type=\"container\">\n\t\t\t\t\t<div class=\"e-con-inner\">\n\t\t<div class=\"elementor-element elementor-element-733a8c8e e-con-full e-flex e-con e-child\" data-id=\"733a8c8e\" data-element_type=\"container\">\n\t\t\t\t<div class=\"elementor-element elementor-element-4057fb80 animated-fast elementor-invisible elementor-widget elementor-widget-elementskit-heading\" data-id=\"4057fb80\" data-element_type=\"widget\" data-settings=\"{&quot;ekit_we_effect_on&quot;:&quot;css&quot;,&quot;_animation&quot;:&quot;fadeIn&quot;,&quot;_animation_delay&quot;:100}\" data-widget_type=\"elementskit-heading.default\">\n\t\t\t\t<div class=\"elementor-widget-container\">\n\t\t\t<div class=\"ekit-wid-con\" ><div class=\"ekit-heading elementskit-section-title-wraper text_left   ekit_heading_tablet-   ekit_heading_mobile-\"><h6 class=\"ekit-heading--title elementskit-section-title\">Partager<\/h6><\/div><\/div>\t\t<\/div>\n\t\t\t\t<\/div>\n\t\t\t\t<\/div>\n\t\t<div class=\"elementor-element elementor-element-1ded6a70 e-con-full e-flex e-con e-child\" data-id=\"1ded6a70\" data-element_type=\"container\">\n\t\t\t\t<div class=\"elementor-element elementor-element-dcd553f animated-fast elementor-invisible elementor-widget elementor-widget-elementskit-social-media\" data-id=\"dcd553f\" data-element_type=\"widget\" data-settings=\"{&quot;_animation&quot;:&quot;slideInUp&quot;,&quot;ekit_we_effect_on&quot;:&quot;none&quot;}\" data-widget_type=\"elementskit-social-media.default\">\n\t\t\t\t<div class=\"elementor-widget-container\">\n\t\t\t<div class=\"ekit-wid-con\" >\t\t\t <ul class=\"ekit_social_media\">\n\t\t\t\t\t\t\t\t\t\t\t\t\t\t<li class=\"elementor-repeater-item-172011e\">\n\t\t\t\t\t    <a\n\t\t\t\t\t\thref=\"#\" aria-label=\"Facebook\" class=\"f\" >\n\t\t\t\t\t\t\t\t\t\t\t\t\t\t\n\t\t\t\t\t\t\t<i aria-hidden=\"true\" class=\"fab fa-facebook-f\"><\/i>\t\t\t\t\t\t\t\t\t\n                                                                                                            <\/a>\n                    <\/li>\n                    \t\t\t\t\t\t\t\t\t\t\t\t\t\t<li class=\"elementor-repeater-item-0825b5a\">\n\t\t\t\t\t    <a\n\t\t\t\t\t\thref=\"#\" aria-label=\"Twitter\" class=\"twitter\" >\n\t\t\t\t\t\t\t\t\t\t\t\t\t\t\n\t\t\t\t\t\t\t<i aria-hidden=\"true\" class=\"fasicon icon-twitter\"><\/i>\t\t\t\t\t\t\t\t\t\n                                                                                                            <\/a>\n                    <\/li>\n                    \t\t\t\t\t\t\t\t\t\t\t\t\t\t<li class=\"elementor-repeater-item-fa40825\">\n\t\t\t\t\t    <a\n\t\t\t\t\t\thref=\"#\" aria-label=\"Instagram\" class=\"instagram\" >\n\t\t\t\t\t\t\t\t\t\t\t\t\t\t\n\t\t\t\t\t\t\t<i aria-hidden=\"true\" class=\"fab fa-instagram\"><\/i>\t\t\t\t\t\t\t\t\t\n                                                                                                            <\/a>\n                    <\/li>\n                    \t\t\t\t\t\t\t<\/ul>\n\t\t<\/div>\t\t<\/div>\n\t\t\t\t<\/div>\n\t\t\t\t<\/div>\n\t\t\t\t\t<\/div>\n\t\t\t\t<\/div>\n\t\t\t\t<\/div>\n\t\t\t\t\t<\/div>\n\t\t\t\t<\/div>\n\t\t<div class=\"elementor-element elementor-element-18c44a5 e-con-full e-flex e-con e-parent\" data-id=\"18c44a5\" data-element_type=\"container\" data-settings=\"{&quot;background_background&quot;:&quot;classic&quot;,&quot;sticky&quot;:&quot;bottom&quot;,&quot;sticky_on&quot;:[&quot;desktop&quot;,&quot;tablet&quot;,&quot;mobile&quot;],&quot;sticky_offset&quot;:0,&quot;sticky_effects_offset&quot;:0}\">\n\t\t\t\t<div class=\"elementor-element elementor-element-70a553b elementor-align-center elementor-widget elementor-widget-button\" data-id=\"70a553b\" data-element_type=\"widget\" data-settings=\"{&quot;ekit_we_effect_on&quot;:&quot;none&quot;}\" data-widget_type=\"button.default\">\n\t\t\t\t<div class=\"elementor-widget-container\">\n\t\t\t\t\t<div class=\"elementor-button-wrapper\">\n\t\t\t<a class=\"elementor-button elementor-button-link elementor-size-sm\" href=\"#elementor-action:action=popup:open&settings=eyJpZCI6IjExNjM5IiwidG9nZ2xlIjpmYWxzZX0=\">\n\t\t\t\t\t\t<span class=\"elementor-button-content-wrapper\">\n\t\t\t\t\t\t<span class=\"elementor-button-icon\">\n\t\t\t\t<i aria-hidden=\"true\" class=\"fas fa-arrow-right\"><\/i>\t\t\t<\/span>\n\t\t\t\t\t\t\t\t\t<span class=\"elementor-button-text\">Payez et boostez votre visibilit\u00e9 <\/span>\n\t\t\t\t\t<\/span>\n\t\t\t\t\t<\/a>\n\t\t<\/div>\n\t\t\t\t<\/div>\n\t\t\t\t<\/div>\n\t\t\t\t<\/div>\n\t\t\t\t<\/div>","protected":false},"excerpt":{"rendered":"<p>D\u00e9veloppez votre pr\u00e9sence en ligne sans effort \ud83c\udfaf Aujourd\u2019hui, ne pas \u00eatre actif sur les r\u00e9seaux sociaux, c\u2019est laisser vos concurrents prendre la parole \u00e0 votre place.Mais publier du contenu de qualit\u00e9 chaque semaine, c\u2019est chronophage\u2026 et ce n\u2019est pas votre m\u00e9tier. Bonne nouvelle : c\u2019est le n\u00f4tre. Community Management : on s\u2019occupe de tout [&hellip;]<\/p>","protected":false},"author":1,"featured_media":0,"parent":0,"menu_order":0,"comment_status":"closed","ping_status":"closed","template":"","meta":{"footnotes":""},"_links":{"self":[{"href":"https:\/\/www.startbusiness.be\/nl\/wp-json\/wp\/v2\/pages\/11625"}],"collection":[{"href":"https:\/\/www.startbusiness.be\/nl\/wp-json\/wp\/v2\/pages"}],"about":[{"href":"https:\/\/www.startbusiness.be\/nl\/wp-json\/wp\/v2\/types\/page"}],"author":[{"embeddable":true,"href":"https:\/\/www.startbusiness.be\/nl\/wp-json\/wp\/v2\/users\/1"}],"replies":[{"embeddable":true,"href":"https:\/\/www.startbusiness.be\/nl\/wp-json\/wp\/v2\/comments?post=11625"}],"version-history":[{"count":16,"href":"https:\/\/www.startbusiness.be\/nl\/wp-json\/wp\/v2\/pages\/11625\/revisions"}],"predecessor-version":[{"id":12189,"href":"https:\/\/www.startbusiness.be\/nl\/wp-json\/wp\/v2\/pages\/11625\/revisions\/12189"}],"wp:attachment":[{"href":"https:\/\/www.startbusiness.be\/nl\/wp-json\/wp\/v2\/media?parent=11625"}],"curies":[{"name":"wp","href":"https:\/\/api.w.org\/{rel}","templated":true}]}}